{"id":896,"date":"2017-03-15T19:24:35","date_gmt":"2017-03-15T18:24:35","guid":{"rendered":"https:\/\/www.tantrix.com.es\/?page_id=896\/"},"modified":"2021-06-01T11:22:22","modified_gmt":"2021-06-01T09:22:22","slug":"politica-de-privacitat","status":"publish","type":"page","link":"https:\/\/www.tantrix.com.es\/ca\/politica-de-privacitat\/","title":{"rendered":"Pol\u00edtica de privacitat"},"content":{"rendered":"<p style=\"text-align: justify;\"><strong>DADES IDENTIFICATIVES <\/strong><\/p>\n<p style=\"text-align: justify;\">En compliment amb el deure d\u2019informaci\u00f3 recollit a l\u2019article 10 de la Llei 34\/2002, d\u201911 de Juliol, de Serveis de la Societat de la Informaci\u00f3 i del Comer\u00e7 Electr\u00f2nic, a continuaci\u00f3 es reflecteixen les seg\u00fcents dades: l\u2019empresa titular d\u2019aquesta web \u00e9s TANTRIX IB\u00c8RICA (Markus Krykorka) en endavant <strong>EL TITULAR <\/strong>amb domicili a 08520 Les Franqueses del Vall\u00e8s (Barcelona), i amb n\u00famero de NIF X4858957T, degudament inscrita al corresponent Registro Mercantil.<\/p>\n<p style=\"text-align: justify;\"><strong>I.- USUARIS: <\/strong>L&#8217;acc\u00e9s i\/o l\u2019\u00fas a aquesta p\u00e0gina web atribueix a qui ho realitza la condici\u00f3 d&#8217;usuari, acceptant des d&#8217;aquest mateix moment, plenament i sense cap mena de reserva, les presents condicions generals, aix\u00ed com les condicions particulars que, si s\u2019 escau, complementin, modifiquin o substitueixin les condicions generals en relaci\u00f3 amb determinats serveis i continguts del lloc web.<\/p>\n<p style=\"text-align: justify;\"><strong>II.- \u00daS DEL LLOC WEB, ELS SEUS SERVEIS I CONTINGUTS: <\/strong>L&#8217;usuari es compromet a utilitzar el lloc Web i els seus serveis i continguts sense contravenir la legislaci\u00f3 vigent, la bona fe, els usos generalment acceptats i l&#8217;ordre p\u00fablic. Aix\u00ed mateix, queda prohibit, l&#8217;\u00fas del Web amb finalitats il\u00b7l\u00edcites o lesives contra EL TITULAR o qualsevol tercer; o que, de qualsevol forma, puguin causar perjudici o impedir el normal funcionament del lloc Web.<\/p>\n<p style=\"text-align: justify;\">Respecte dels continguts (informacions, textos, gr\u00e0fics, arxius de so i\/o d\u2019 imatge, fotografies, dissenys, etc.), es prohibeix:<\/p>\n<p style=\"text-align: justify;\">&#8211; La seva reproducci\u00f3, distribuci\u00f3 o modificaci\u00f3, tret que es tingui l&#8217;autoritzaci\u00f3 dels seus leg\u00edtims titulars o resulti legalment perm\u00e8s.<\/p>\n<p style=\"text-align: justify;\">&#8211; Qualsevol vulneraci\u00f3 dels drets de EL TITULAR o dels seus leg\u00edtims titulars sobre els mateixos.<\/p>\n<p style=\"text-align: justify;\">&#8211; La seva utilitzaci\u00f3 per a tot tipus de fins comercials o publicitaris, diferents dels estrictament permesos.<\/p>\n<p style=\"text-align: justify;\">&#8211; Qualsevol intent d&#8217;obtenir els continguts del lloc Web per qualsevol mitj\u00e0 diferents dels que es posin a disposici\u00f3 dels usuaris aix\u00ed com dels que habitualment es facin servir a la xarxa, sempre que aquests no causin perjudici al lloc Web de EL TITULAR<\/p>\n<p style=\"text-align: justify;\"><strong>III.- MODIFICACI\u00d3 UNILATERAL: <\/strong>EL TITULAR podr\u00e0 modificar unilateralment i sense previ av\u00eds, sempre que ho consideri oport\u00fa, l&#8217;estructura i disseny del lloc Web, aix\u00ed com modificar o eliminar els serveis, els continguts i les condicions d&#8217;acc\u00e9s i\/o d\u2019\u00fas del lloc Web.<\/p>\n<p style=\"text-align: justify;\"><strong>IV.- HIPERENLLA\u00c7OS: <\/strong>L&#8217;establiment de qualsevol &#8220;hiperenlla\u00e7&#8221; entre una p\u00e0gina web i qualsevol de les p\u00e0gines web del lloc Web de EL TITULAR estar\u00e0 sotm\u00e8s a les seg\u00fcents condicions:<\/p>\n<p style=\"text-align: justify;\">&#8211; No es permet la reproducci\u00f3 ni total ni parcial de cap dels serveis ni continguts del lloc Web de EL TITULAR<\/p>\n<p style=\"text-align: justify;\">&#8211; Qualsevol vulneraci\u00f3 dels drets de EL TITULAR o dels seus leg\u00edtims titulars sobre els mateixos.<\/p>\n<p style=\"text-align: justify;\">&#8211; La p\u00e0gina web en la qual s&#8217;estableixi l\u2019 hiperenlla\u00e7 no contindr\u00e0 cap marca, nom comercial, r\u00e8tol d&#8217;establiment, denominaci\u00f3, logotip, esl\u00f2gan o altres signes distintius pertanyents a EL TITULAR.<\/p>\n<p style=\"text-align: justify;\">&#8211; Sota cap circumst\u00e0ncia, EL TITULAR ser\u00e0 responsable dels continguts o serveis posats a la disposici\u00f3 del p\u00fablic en la p\u00e0gina web des de la qual es realitzi l\u2019 &#8220;hiperenlla\u00e7&#8221;, ni de les informacions i manifestacions incloses en les mateixes.<\/p>\n<p style=\"text-align: justify;\"><strong>V.- EXCLUSI\u00d3 DE GARANTIES I RESPONSABILITAT: <\/strong>EL TITULAR no atorga cap garantia ni es fa responsable, en cap cas, dels danys i perjudicis de qualsevol naturalesa que poguessin portar causa de:<\/p>\n<p style=\"text-align: justify;\">&#8211; La manca de disponibilitat, manteniment i efectiu funcionament del Web i\/o dels seus serveis o continguts.<\/p>\n<p style=\"text-align: justify;\">&#8211; La falta d&#8217;utilitat, adequaci\u00f3 o validesa del Web i\/o dels seus serveis o continguts per a satisfer necessitats, activitats o resultats concrets o expectatives dels usuaris.<\/p>\n<p style=\"text-align: justify;\">&#8211; L&#8217;exist\u00e8ncia de virus, programes maliciosos o lesius en els continguts.<\/p>\n<p style=\"text-align: justify;\">&#8211; La recepci\u00f3, obtenci\u00f3, emmagatzematge, difusi\u00f3 o transmissi\u00f3, per part dels usuaris, dels continguts.<\/p>\n<p style=\"text-align: justify;\">&#8211; L&#8217;\u00fas il\u00b7l\u00edcit, negligent, fraudulent, contrari a les presents Condicions Generals, a la bona fe, als usos generalment acceptats o a l&#8217;ordre p\u00fablic, del lloc Web, els seus serveis o continguts, per part dels usuaris.<\/p>\n<p style=\"text-align: justify;\">&#8211; La falta de licitud, qualitat, fiabilitat, utilitat i disponibilitat dels serveis prestats per tercers i llocs que estiguin a la disposici\u00f3 dels usuaris en el lloc Web.<\/p>\n<p style=\"text-align: justify;\">&#8211; L&#8217;incompliment per part de tercers de les seves obligacions o compromisos en relaci\u00f3 amb els serveis prestats als usuaris a trav\u00e9s del lloc Web.<\/p>\n<p style=\"text-align: justify;\"><strong>VI.- DURADA: <\/strong>La durada de la prestaci\u00f3 del servei del lloc Web i dels serveis que s\u2019hi presten \u00e9s de car\u00e0cter indefinit. Sense perjudici de l&#8217;anterior, EL TITULAR es reserva el dret d\u2019 interrompre, suspendre o acabar la prestaci\u00f3 del servei del Web o de qualsevol dels serveis que ho integren, en els mateixos termes que es recullen en la condici\u00f3 tercera.<\/p>\n<p style=\"text-align: justify;\"><strong>VII. PROPIETAT INTEL\u00b7LECTUAL: <\/strong>A l&#8217;efecte de preservar els possibles drets de propietat intel\u00b7lectual, en el cas que qualsevol usuari o un tercer consideri que s&#8217;ha produ\u00eft una violaci\u00f3 dels seus leg\u00edtims drets per la introducci\u00f3 d&#8217;un determinat contingut en el Web, haur\u00e0 de notificar aquesta circumst\u00e0ncia a EL TITULAR indicant:<\/p>\n<p style=\"text-align: justify;\">&#8211; Dades personals de l&#8217;interessat titular dels drets presumptament infringits. Si la reclamaci\u00f3 la presenta un tercer distint de l&#8217;interessat, haur\u00e0 d&#8217;indicar la representaci\u00f3 amb la qual actua.<\/p>\n<p style=\"text-align: justify;\">&#8211; Indicaci\u00f3 dels continguts protegits pels drets de propietat intel\u00b7lectual i la seva ubicaci\u00f3 en el Web.<\/p>\n<p style=\"text-align: justify;\">&#8211; Acreditaci\u00f3 dels esmentats drets de propietat intel\u00b7lectual.<\/p>\n<p style=\"text-align: justify;\">&#8211; Declaraci\u00f3 expressa en la qual l&#8217;interessat es responsabilitza de la veracitat de les informacions facilitades en la notificaci\u00f3.<\/p>\n<p style=\"text-align: justify;\">La marca EL TITULAR i les corresponents marques gr\u00e0fiques s\u00f3n totes elles marques registrades i queda prohibida la seva reproducci\u00f3 o \u00fas sense l&#8217;autoritzaci\u00f3 del seu titular. La legitimitat dels drets de propietat intel\u00b7lectual o industrial corresponents als continguts aportats per tercers \u00e9s de l&#8217;exclusiva responsabilitat dels mateixos. Annex 2<\/p>\n<p style=\"text-align: justify;\"><strong>VIII. LEGISLACI\u00d3 APLICABLE I JURISDICCI\u00d3: <\/strong>Les presents Condicions Generals es regiran per la legislaci\u00f3 espanyola i europea vigents.<\/p>\n<p style=\"text-align: justify;\">EL TITULAR i l&#8217;usuari, amb ren\u00fancia expressa a qualsevol altre fur que pogu\u00e9s correspondre&#8217;ls, se sotmeten a la Jurisdicci\u00f3 dels Jutjats i Tribunals del domicili de l&#8217;usuari per a quantes q\u00fcestions poguessin suscitar-se o accions exercitar-se derivades de la prestaci\u00f3 del servei del Web i dels seus serveis i continguts i sobre la interpretaci\u00f3, aplicaci\u00f3, compliment o incompliment de tot all\u00f2 que aqu\u00ed s\u2019estableix. En el cas que l&#8217;Usuari tingui el seu domicili fora d&#8217;Espanya, EL TITULAR i l&#8217;Usuari, amb ren\u00fancia expressa a qualsevol altre fur que pogu\u00e9s correspondre&#8217;ls, se sotmeten a la Jurisdicci\u00f3 dels Jutjats i Tribunals de Granollers (Barcelona)<\/p>\n","protected":false},"excerpt":{"rendered":"<p>DADES IDENTIFICATIVES En compliment amb el deure d\u2019informaci\u00f3 recollit a l\u2019article 10 de la Llei 34\/2002, d\u201911 de Juliol, de Serveis de la Societat de la Informaci\u00f3 i del Comer\u00e7 Electr\u00f2nic, a continuaci\u00f3 es reflecteixen les seg\u00fcents dades: l\u2019empresa titular d\u2019aquesta web \u00e9s TANTRIX IB\u00c8RICA (Markus Krykorka) en endavant EL TITULAR amb domicili a 08520 [&hellip;]<\/p>\n","protected":false},"author":1,"featured_media":0,"parent":0,"menu_order":0,"comment_status":"closed","ping_status":"closed","template":"","meta":{"_et_pb_use_builder":"","_et_pb_old_content":"","_et_gb_content_width":""},"_links":{"self":[{"href":"https:\/\/www.tantrix.com.es\/ca\/wp-json\/wp\/v2\/pages\/896"}],"collection":[{"href":"https:\/\/www.tantrix.com.es\/ca\/wp-json\/wp\/v2\/pages"}],"about":[{"href":"https:\/\/www.tantrix.com.es\/ca\/wp-json\/wp\/v2\/types\/page"}],"author":[{"embeddable":true,"href":"https:\/\/www.tantrix.com.es\/ca\/wp-json\/wp\/v2\/users\/1"}],"replies":[{"embeddable":true,"href":"https:\/\/www.tantrix.com.es\/ca\/wp-json\/wp\/v2\/comments?post=896"}],"version-history":[{"count":6,"href":"https:\/\/www.tantrix.com.es\/ca\/wp-json\/wp\/v2\/pages\/896\/revisions"}],"predecessor-version":[{"id":1534,"href":"https:\/\/www.tantrix.com.es\/ca\/wp-json\/wp\/v2\/pages\/896\/revisions\/1534"}],"wp:attachment":[{"href":"https:\/\/www.tantrix.com.es\/ca\/wp-json\/wp\/v2\/media?parent=896"}],"curies":[{"name":"wp","href":"https:\/\/api.w.org\/{rel}","templated":true}]}}