{"id":888,"date":"2017-03-15T19:14:44","date_gmt":"2017-03-15T18:14:44","guid":{"rendered":"https:\/\/www.tantrix.com.es\/?page_id=888\/"},"modified":"2017-03-15T20:30:54","modified_gmt":"2017-03-15T19:30:54","slug":"politica-de-cookies-cat","status":"publish","type":"page","link":"https:\/\/www.tantrix.com.es\/ca\/politica-de-cookies-cat\/","title":{"rendered":"Pol\u00edtica de cookies"},"content":{"rendered":"<p>En compliment amb el que disposa l\u2019article 22.2 de la Llei 34\/2002, de 11 de juliol, de Serveis de la Societat de la Informaci\u00f3 i de Comer\u00e7 Electr\u00f2nic, aquesta p\u00e0gina web t\u2019informa, en aquesta secci\u00f3, sobre la <strong>pol\u00edtica de recollida i tractament de cookies<\/strong>.<\/p>\n<h3><strong>\u00bfQu\u00e8 son les cookies?<\/strong><\/h3>\n<p>Una cookie es un fitxer que es descarrega al teu ordinador a l\u2019accedir a determinades p\u00e0gines web. Les cookies permeten a una p\u00e0gina web,\u00a0entre d\u2019altres coses, emmagatzemar i recuperar informaci\u00f3 sobre els h\u00e0bits de navegaci\u00f3 d\u2019un usuari o del seu equip i, depenent de la informaci\u00f3 que\u00a0continguin i de la forma en que utilitzi el seu equip, poden utilitzar-se per recon\u00e8ixer a l\u2019usuari.<\/p>\n<h3><strong>\u00bfQuin tipus de cookies utilitza aquesta p\u00e0gina web?\u00a0<\/strong><\/h3>\n<p>Aquesta p\u00e0gina web utilitza els seg\u00fcents tipus de cookies:<\/p>\n<p><strong><u>Cookies d\u2019an\u00e0lisis<\/u><\/strong>: Son aquelles que ben tractades per nosaltres o per tercers, ens permeten quantificar el nombre d\u2019usuaris i aix\u00ed realitzar el mesurament i an\u00e0lisis estad\u00edstic de la utilitzaci\u00f3 que fan els usuaris del servei ofert. Per aix\u00f2 s\u2019analitza la seva navegaci\u00f3 a la nostre p\u00e0gina web\u00a0amb el fi de millorar la oferta de productes o serveis que oferim.<\/p>\n<p><strong><u>Cookies t\u00e8cniques<\/u><\/strong>: Son aquelles que permeten a l\u2019usuari la navegaci\u00f3 a trav\u00e9s de l\u2019\u00e0rea restringida i la utilitzaci\u00f3 de les diferents funcions, como per exemple, portar a canvi el proc\u00e9s de compra d\u2019un article<\/p>\n<p><strong><u>Cookies de personalitzaci\u00f3<\/u><\/strong>: Son aquelles que permeten a l\u2019usuari accedir al servei amb algunes caracter\u00edstiques de car\u00e0cter general predefinides en funci\u00f3 d\u2019una s\u00e8rie de criteris en el terminal de l\u2019usuari, com per exemple serien l\u2019idioma o el tipus de navegador a trav\u00e9s del qual es connecta al servei.<\/p>\n<p><strong><u>Cookies publicit\u00e0ries<\/u><\/strong>: Son aquelles que, ben tractades per aquesta web\u00a0o per\u00a0tercers, permeten gestionar de la forma mes efica\u00e7 possible l\u2019oferta dels espais publicitaris que hi ha \u00a0a \u00a0la p\u00e0gina web, adequant el contingut\u00a0de l\u2019anunci al contingut del servei sol\u00b7licitat o a l\u2019\u00fas que realitzi de la nostre p\u00e0gina web. Per aix\u00f2 podem analitzar els seus h\u00e0bits de navegaci\u00f3\u00a0 a internet i podem mostrar publicitat relacionada amb el teu perfil de navegaci\u00f3.<\/p>\n<p><strong><u>Cookies de publicitat comportamental<\/u><\/strong>: Son aquelles que permeten la gesti\u00f3, de la forma m\u00e9s efica\u00e7 possible, dels espais publicitaris que, en el seu cas, l\u2019editor hagi incl\u00f2s a una p\u00e0gina web, aplicaci\u00f3 o plataforma des de la que presta el servei sol\u00b7licitat. Aquest tipus de cookies emmagatzemen informaci\u00f3 del comportament dels visitants obtinguda a traves de l\u2019observaci\u00f3 continuada dels seus h\u00e0bits de navegaci\u00f3, el que permet desenvolupar un perfil espec\u00edfic per mostrar avisos publicitaris\u00a0en funci\u00f3 del mateix.<\/p>\n<h3><strong>Desactivar les cookies<\/strong><\/h3>\n<p>Pots permetre, bloquejar o eliminar les cookies instal\u00b7lades al teu equip\u00a0mitjan\u00e7ant la configuraci\u00f3 de les opcions del navegador instal\u00b7lat al teu ordinador. La majoria dels navegadors web ofereixen la possibilitat de permetre, bloquejar o eliminar les cookies instal\u00b7lades al teu equip.<\/p>\n<p><span style=\"text-decoration: underline;\"><strong>Configurar cookies a Google Chrome<\/strong><\/span><\/p>\n<p><a href=\"https:\/\/support.google.com\/chrome\/answer\/95647?hl=es\">https:\/\/support.google.com\/chrome\/answer\/95647?hl=es<\/a><\/p>\n<p><span style=\"text-decoration: underline;\"><strong>Configurar cookies a Microsoft Internet Explorer<\/strong><\/span><\/p>\n<p><a href=\"https:\/\/support.microsoft.com\/es-es\/products\/windows?os=windows-8.1\">https:\/\/support.microsoft.com\/es-es\/products\/windows?os=windows-8.1<\/a><\/p>\n<p><span style=\"text-decoration: underline;\"><strong>Configurar cookies a\u00a0Mozilla Firefox<\/strong><\/span><\/p>\n<p><a href=\"https:\/\/support.mozilla.org\/es\/kb\/habilitar-y-deshabilitar-cookies-sitios-web-rastrear-preferencias?redirectlocale=es&amp;redirectslug=habilitar-y-deshabilitar-cookies-que-los-sitios-we\">https:\/\/support.mozilla.org\/es\/kb\/habilitar-y-deshabilitar-cookies-sitios-web-rastrear-preferencias?redirectlocale=es&amp;redirectslug=habilitar-y-deshabilitar-cookies-que-los-sitios-we<\/a><\/p>\n<p><span style=\"text-decoration: underline;\"><strong>Configurar cookies a\u00a0Safari (Apple)<\/strong><\/span><\/p>\n<p><a href=\"https:\/\/support.apple.com\/es-es\/HT201265\">https:\/\/support.apple.com\/es-es\/HT201265<\/a><\/p>\n<h3><strong>Advert\u00e8ncia sobre eliminar\u00a0cookies<\/strong><\/h3>\n<p>Tu pots eliminar i bloquejar totes les cookies d\u2019aquest lloc web, per\u00f2 part del lloc no funcionar\u00e0 o la qualitat de la p\u00e0gina web pot veure\u2019s afectada.<\/p>\n","protected":false},"excerpt":{"rendered":"<p>En compliment amb el que disposa l\u2019article 22.2 de la Llei 34\/2002, de 11 de juliol, de Serveis de la Societat de la Informaci\u00f3 i de Comer\u00e7 Electr\u00f2nic, aquesta p\u00e0gina web t\u2019informa, en aquesta secci\u00f3, sobre la pol\u00edtica de recollida i tractament de cookies. \u00bfQu\u00e8 son les cookies? Una cookie es un fitxer que es [&hellip;]<\/p>\n","protected":false},"author":1,"featured_media":0,"parent":0,"menu_order":0,"comment_status":"closed","ping_status":"closed","template":"","meta":{"_et_pb_use_builder":"","_et_pb_old_content":"","_et_gb_content_width":""},"_links":{"self":[{"href":"https:\/\/www.tantrix.com.es\/ca\/wp-json\/wp\/v2\/pages\/888"}],"collection":[{"href":"https:\/\/www.tantrix.com.es\/ca\/wp-json\/wp\/v2\/pages"}],"about":[{"href":"https:\/\/www.tantrix.com.es\/ca\/wp-json\/wp\/v2\/types\/page"}],"author":[{"embeddable":true,"href":"https:\/\/www.tantrix.com.es\/ca\/wp-json\/wp\/v2\/users\/1"}],"replies":[{"embeddable":true,"href":"https:\/\/www.tantrix.com.es\/ca\/wp-json\/wp\/v2\/comments?post=888"}],"version-history":[{"count":4,"href":"https:\/\/www.tantrix.com.es\/ca\/wp-json\/wp\/v2\/pages\/888\/revisions"}],"predecessor-version":[{"id":894,"href":"https:\/\/www.tantrix.com.es\/ca\/wp-json\/wp\/v2\/pages\/888\/revisions\/894"}],"wp:attachment":[{"href":"https:\/\/www.tantrix.com.es\/ca\/wp-json\/wp\/v2\/media?parent=888"}],"curies":[{"name":"wp","href":"https:\/\/api.w.org\/{rel}","templated":true}]}}