{"id":877,"date":"2017-03-14T12:04:46","date_gmt":"2017-03-14T11:04:46","guid":{"rendered":"https:\/\/www.tantrix.com.es\/?page_id=877\/"},"modified":"2017-03-14T12:10:26","modified_gmt":"2017-03-14T11:10:26","slug":"tantrix-a-les-escoles","status":"publish","type":"page","link":"https:\/\/www.tantrix.com.es\/ca\/informacio\/tantrix-a-les-escoles\/","title":{"rendered":"Tantrix a les escoles"},"content":{"rendered":"<p>[et_pb_section admin_label=&#8221;section&#8221;][et_pb_row admin_label=&#8221;row&#8221; make_fullwidth=&#8221;off&#8221; use_custom_width=&#8221;off&#8221; width_unit=&#8221;on&#8221; use_custom_gutter=&#8221;off&#8221; padding_mobile=&#8221;off&#8221; allow_player_pause=&#8221;off&#8221; parallax=&#8221;off&#8221; parallax_method=&#8221;off&#8221; make_equal=&#8221;off&#8221; parallax_1=&#8221;off&#8221; parallax_method_1=&#8221;off&#8221; column_padding_mobile=&#8221;on&#8221;][et_pb_column type=&#8221;4_4&#8243;][et_pb_text admin_label=&#8221;Texto&#8221; background_layout=&#8221;light&#8221; text_orientation=&#8221;left&#8221; use_border_color=&#8221;off&#8221; border_color=&#8221;#ffffff&#8221; border_style=&#8221;solid&#8221;]<\/p>\n<p>&nbsp;<\/p>\n<h1>Tantrix a\u00a0les escoles<\/h1>\n<p>&nbsp;<\/p>\n<p>[\/et_pb_text][et_pb_image admin_label=&#8221;Imagen&#8221; src=&#8221;https:\/\/www.tantrix.com.es\/wp-content\/uploads\/2017\/01\/muntatgeesculeas.jpg&#8221; show_in_lightbox=&#8221;off&#8221; url_new_window=&#8221;off&#8221; use_overlay=&#8221;off&#8221; animation=&#8221;left&#8221; sticky=&#8221;off&#8221; align=&#8221;left&#8221; force_fullwidth=&#8221;off&#8221; always_center_on_mobile=&#8221;on&#8221; use_border_color=&#8221;off&#8221; border_color=&#8221;#ffffff&#8221; border_style=&#8221;solid&#8221;] [\/et_pb_image][et_pb_text admin_label=&#8221;Texto&#8221; background_layout=&#8221;light&#8221; text_orientation=&#8221;left&#8221; use_border_color=&#8221;off&#8221; border_color=&#8221;#ffffff&#8221; border_style=&#8221;solid&#8221;]<\/p>\n<p>L\u2019any 1.994 Tantrix va ser sotm\u00e8s a un detallat programa de proves i an\u00e0lisis en grups d\u2019escolars a Fran\u00e7a. L\u2019estudi va concloure que Tantrix es \u00fatil, vers\u00e0til i una divertida eina de treball per al desenvolupament de la l\u00f2gica, el raonament, la discriminaci\u00f3 visual i les habilitats d\u2019observaci\u00f3.<\/p>\n<p>El 1.996 Tantrix va guanyar el \u201cNational Parenting Association Award\u201d a Estats Units i l\u2019any 2.003 va guanyar el Premi d\u2019Or atorgat per la UK \u201cGood Toy Guide\u201d, una publicaci\u00f3 que sotmet als jocs candidats als premis a un rigor\u00f3s test de proves de joc a nens i adults per determinar els guanyadors.<\/p>\n<p>I es que, a mes de la vessant l\u00fadica, Tantrix tamb\u00e9 ofereix una vesant did\u00e0ctica i educativa molt interesant, i per a donar-la a con\u00e8ixer hem creat la <a href=\"https:\/\/www.tantrix.com.es\/wp-content\/uploads\/2017\/03\/Guia-Activitats-Escolars-CAT.pdf\">Guia d&#8217;Activitats Escolars<\/a>.<\/p>\n<p>La Guia proposa una s\u00e8rie d\u2019activitats pensades perqu\u00e8 els mestres i educadors puguin utilitzar Tantrix a classe, i introduir als seus alumnes conceptes de matem\u00e0tiques i geometria d\u2019una forma amena, l\u00fadica i divertida. S\u2019hi poden trobar des d\u2019activitats molt simples, pensades per a nens a partir de 3 anys, i progressivament va augmentant el nivell de dificultat fins a plantejar problemes per a nens de fins a 12 &#8211; 14 anys.<\/p>\n<p>Aquestes son algunes de las oportunitats educatives que ofereix Tantrix:<\/p>\n<ul>\n<li>Animar a la comparaci\u00f3 entre las fitxes.<\/li>\n<li>Identificar les similituds i les diferencies.<\/li>\n<li>Ordenar i classificar les fitxes.<\/li>\n<li>Recon\u00e8ixer els models en dos dimensions.<\/li>\n<li>Desenvolupar el raonament l\u00f2gic i sistem\u00e0tic.<\/li>\n<li>Propietats de la rotaci\u00f3 i la simetria.<\/li>\n<li>Desenvolupar l\u2019habilitat de cooperaci\u00f3.<\/li>\n<li>Desenvolupar l\u2019observaci\u00f3 i la mem\u00f2ria.<\/li>\n<li>Participaci\u00f3 en equips de resoluci\u00f3 de problemes.<\/li>\n<li>Potenciar la motivaci\u00f3 i la perseveran\u00e7a.<\/li>\n<\/ul>\n<p>De fet, cada dia son mes les escoles, centres de ter\u00e0pia ocupacional, centres geri\u00e0trics, etc. que ja han descobert les m\u00faltiples possibilitats que els ofereix Tantrix i l\u2019estan \u00a0utilitzant com a eina de suport en les activitats que realitzen.<\/p>\n<p>Aqu\u00ed pots descarregar-te la <a href=\"https:\/\/www.tantrix.com.es\/wp-content\/uploads\/2017\/03\/Guia-Activitats-Escolars-CAT.pdf\">Guia d&#8217;Activitats Escolars<\/a> en format PDF.<\/p>\n<p>[\/et_pb_text][\/et_pb_column][\/et_pb_row][\/et_pb_section]<\/p>\n","protected":false},"excerpt":{"rendered":"<p>[et_pb_section admin_label=&#8221;section&#8221;][et_pb_row admin_label=&#8221;row&#8221; make_fullwidth=&#8221;off&#8221; use_custom_width=&#8221;off&#8221; width_unit=&#8221;on&#8221; use_custom_gutter=&#8221;off&#8221; padding_mobile=&#8221;off&#8221; allow_player_pause=&#8221;off&#8221; parallax=&#8221;off&#8221; parallax_method=&#8221;off&#8221; make_equal=&#8221;off&#8221; parallax_1=&#8221;off&#8221; parallax_method_1=&#8221;off&#8221; column_padding_mobile=&#8221;on&#8221;][et_pb_column type=&#8221;4_4&#8243;][et_pb_text admin_label=&#8221;Texto&#8221; background_layout=&#8221;light&#8221; text_orientation=&#8221;left&#8221; use_border_color=&#8221;off&#8221; border_color=&#8221;#ffffff&#8221; border_style=&#8221;solid&#8221;] &nbsp; Tantrix a\u00a0les escoles &nbsp; [\/et_pb_text][et_pb_image admin_label=&#8221;Imagen&#8221; src=&#8221;https:\/\/www.tantrix.com.es\/wp-content\/uploads\/2017\/01\/muntatgeesculeas.jpg&#8221; show_in_lightbox=&#8221;off&#8221; url_new_window=&#8221;off&#8221; use_overlay=&#8221;off&#8221; animation=&#8221;left&#8221; sticky=&#8221;off&#8221; align=&#8221;left&#8221; force_fullwidth=&#8221;off&#8221; always_center_on_mobile=&#8221;on&#8221; use_border_color=&#8221;off&#8221; border_color=&#8221;#ffffff&#8221; border_style=&#8221;solid&#8221;] [\/et_pb_image][et_pb_text admin_label=&#8221;Texto&#8221; background_layout=&#8221;light&#8221; text_orientation=&#8221;left&#8221; use_border_color=&#8221;off&#8221; border_color=&#8221;#ffffff&#8221; border_style=&#8221;solid&#8221;] L\u2019any 1.994 Tantrix va ser sotm\u00e8s a [&hellip;]<\/p>\n","protected":false},"author":1,"featured_media":0,"parent":875,"menu_order":0,"comment_status":"closed","ping_status":"closed","template":"","meta":{"_et_pb_use_builder":"on","_et_pb_old_content":"","_et_gb_content_width":""},"_links":{"self":[{"href":"https:\/\/www.tantrix.com.es\/ca\/wp-json\/wp\/v2\/pages\/877"}],"collection":[{"href":"https:\/\/www.tantrix.com.es\/ca\/wp-json\/wp\/v2\/pages"}],"about":[{"href":"https:\/\/www.tantrix.com.es\/ca\/wp-json\/wp\/v2\/types\/page"}],"author":[{"embeddable":true,"href":"https:\/\/www.tantrix.com.es\/ca\/wp-json\/wp\/v2\/users\/1"}],"replies":[{"embeddable":true,"href":"https:\/\/www.tantrix.com.es\/ca\/wp-json\/wp\/v2\/comments?post=877"}],"version-history":[{"count":2,"href":"https:\/\/www.tantrix.com.es\/ca\/wp-json\/wp\/v2\/pages\/877\/revisions"}],"predecessor-version":[{"id":881,"href":"https:\/\/www.tantrix.com.es\/ca\/wp-json\/wp\/v2\/pages\/877\/revisions\/881"}],"up":[{"embeddable":true,"href":"https:\/\/www.tantrix.com.es\/ca\/wp-json\/wp\/v2\/pages\/875"}],"wp:attachment":[{"href":"https:\/\/www.tantrix.com.es\/ca\/wp-json\/wp\/v2\/media?parent=877"}],"curies":[{"name":"wp","href":"https:\/\/api.w.org\/{rel}","templated":true}]}}