{"id":862,"date":"2017-03-14T11:56:46","date_gmt":"2017-03-14T10:56:46","guid":{"rendered":"https:\/\/www.tantrix.com.es\/?page_id=862\/"},"modified":"2017-04-21T18:14:02","modified_gmt":"2017-04-21T16:14:02","slug":"com-jugar-on-line","status":"publish","type":"page","link":"https:\/\/www.tantrix.com.es\/ca\/jugar-cat\/com-jugar-on-line\/","title":{"rendered":"Com jugar on-line"},"content":{"rendered":"<p>[et_pb_section admin_label=&#8221;section&#8221;][et_pb_row admin_label=&#8221;row&#8221;][et_pb_column type=&#8221;4_4&#8243;][et_pb_text admin_label=&#8221;Texto&#8221; background_layout=&#8221;light&#8221; text_orientation=&#8221;left&#8221; use_border_color=&#8221;off&#8221; border_color=&#8221;#ffffff&#8221; border_style=&#8221;solid&#8221;]<\/p>\n<h1>Com jugar on-line<\/h1>\n<p>[\/et_pb_text][et_pb_text admin_label=&#8221;Texto&#8221; background_layout=&#8221;light&#8221; text_orientation=&#8221;left&#8221; use_border_color=&#8221;off&#8221; border_color=&#8221;#ffffff&#8221; border_style=&#8221;solid&#8221;]<\/p>\n<p>Abans de comen\u00e7ar a jugar et recomanem llegir aquestes breus instruccions.<\/p>\n<p>Per jugar has de tenir instal\u00b7lat JAVA al teu ordinador. Pots descarregar-lo al seg\u00fcent enlla\u00e7:\u00a0<a href=\"http:\/\/www.java.com\/es\/download\/\" target=\"_blank\">www.java.com<\/a><\/p>\n<h3>Primer: La sala de joc Tantrix i com utilitzar-la<\/h3>\n<p>El primer pas \u00e9s entrar a la sala de joc Tantrix, una sala virtual on la gent es troba per jugar a Tantrix i xatejar. Pots entrar de dues formes diferents; an\u00f2nimament com jugador convidat, o registrar-te amb el nom que desitgis tenir com a jugador. Un cop a dins podr\u00e0s xatejar amb altres jugadors, enviar-los els teus comentaris, podr\u00e0s ser espectador de les partides en curs o podr\u00e0s jugar.<\/p>\n<p><strong>Per a ser espectador<\/strong> selecciona la partida que desitgis observar i clica sobre el bot\u00f3 &#8220;Espectador&#8221;. Per favor, no facis comentaris sobre el joc.<\/p>\n<p><strong>Per a jugar<\/strong> selecciona un color no ocupat a la sala que desitgis jugar. Tamb\u00e9 haur\u00e0s d&#8217;escollir qui ser\u00e0 el teu contrincant; el robot o un altre jugador que sigui a la sala de joc.<br \/>\n<strong>&#8211; Jugar amb el robot:<\/strong> Tria el teu color clicant sobre aquest, i despr\u00e9s clica &#8220;Jugar Robot&#8221;<br \/>\n<strong>&#8211; Jugar amb un altre jugador:<\/strong> Tria el teu color, convida a altres jugadors a jugar amb tu, i clica &#8220;Inici&#8221;.<\/p>\n<p><img loading=\"lazy\" class=\"alignnone size-full wp-image-725\" src=\"https:\/\/www.tantrix.com.es\/wp-content\/uploads\/2016\/10\/Entrada-Sala-de-joc.jpg\" alt=\"Entrada Sala de joc\" width=\"1366\" height=\"772\" srcset=\"https:\/\/www.tantrix.com.es\/wp-content\/uploads\/2016\/10\/Entrada-Sala-de-joc.jpg 1366w, https:\/\/www.tantrix.com.es\/wp-content\/uploads\/2016\/10\/Entrada-Sala-de-joc-300x170.jpg 300w, https:\/\/www.tantrix.com.es\/wp-content\/uploads\/2016\/10\/Entrada-Sala-de-joc-768x434.jpg 768w, https:\/\/www.tantrix.com.es\/wp-content\/uploads\/2016\/10\/Entrada-Sala-de-joc-1024x579.jpg 1024w, https:\/\/www.tantrix.com.es\/wp-content\/uploads\/2016\/10\/Entrada-Sala-de-joc-510x288.jpg 510w, https:\/\/www.tantrix.com.es\/wp-content\/uploads\/2016\/10\/Entrada-Sala-de-joc-1080x610.jpg 1080w\" sizes=\"(max-width: 1366px) 100vw, 1366px\" \/><\/p>\n<h3>Segon: Com utilitzar el joc Tantrix on-line<\/h3>\n<p>Tan aviat com hagis clicat sobre el bot\u00f3 &#8220;Inici&#8221;, el joc es carregar\u00e0 i s&#8217;obrir\u00e0 una nova finestra. Cada jugador rep sis fitxes. L&#8217;Objectiu del joc es construir una l\u00ednia o circuit el m\u00e9s llargs possible, del color que tu hagis escollit. El primer jugador juga la seva fitxa al centre del tauler (clica sobre la fitxa, arrossega-la i deixa-la.) Per a confirmar el moviment, clica sobre el punt blau situat a l&#8217;espai buit deixat per la fitxa jugada. El joc continua amb el seg\u00fcent jugador, qui connectar\u00e0 la seva fitxa a la ja jugada, assegurant-se de que tots els colors de les l\u00ednies coincideixin. Per fer rotar una fitxa, clica sobre ella abans de confirmar el moviment. Rebr\u00e0s una nova fitxa per cada fitxa jugada.<\/p>\n<ul>\n<li>Cada jugador disposa d&#8217;un moviment lliure per torn.<\/li>\n<li>Totes les fitxes han de jugar-se al costat de les altres fitxes ja jugades.<\/li>\n<li>Els colors de les l\u00ednies de les fitxes han de coincidir sempre.<\/li>\n<\/ul>\n<p><img loading=\"lazy\" class=\"alignnone size-full wp-image-355\" src=\"https:\/\/www.tantrix.com.es\/wp-content\/uploads\/2016\/10\/como_jugar_1.gif\" alt=\"como_jugar_1\" width=\"193\" height=\"72\" \/><\/p>\n<p>Els colors de les l\u00ednies han de coincidir sempre.<\/p>\n<h3>El teu torn de joc&#8230;<\/h3>\n<ul>\n<li>Comen\u00e7a emplenant tots els espais for\u00e7ats que puguis.<\/li>\n<li>Fes el teu moviment lliure.<\/li>\n<li>Acaba el teu torn emplenant altre vegada tots els espais for\u00e7ats que puguis.<\/li>\n<\/ul>\n<h3>Qu\u00e8 \u00e9s un espai for\u00e7at?<\/h3>\n<p>Qualsevol espai buit rodejat per tres fitxes es un espai for\u00e7at. (Estan indicats per un punt del mateix color del que jugues tu). Cada jugador ha de comen\u00e7ar el seu torn emplenant tots els espais for\u00e7ats possibles. (La fletxa petita al costat de la fitxa, t&#8217;indica les fitxes que emplenen el l&#8217;espai for\u00e7at) Els espais for\u00e7ats son m\u00e9s freq\u00fcents a mesura que avan\u00e7a el joc, i permeten a cada jugador col\u00b7locar mes fitxes en el mateix torn de joc. Crear espais for\u00e7ats deliberadament es un procediment normal, especialment quan t&#8217;obligues a tu mateix a emplenar l&#8217;espai for\u00e7at creat.<\/p>\n<p><img loading=\"lazy\" class=\"alignnone size-full wp-image-356\" src=\"https:\/\/www.tantrix.com.es\/wp-content\/uploads\/2016\/10\/como_jugar_2.gif\" alt=\"como_jugar_2\" width=\"98\" height=\"148\" \/><\/p>\n<p>Un espai for\u00e7at i la fitxa que hi encaixa.<\/p>\n<p><img loading=\"lazy\" class=\"alignnone size-full wp-image-726\" src=\"https:\/\/www.tantrix.com.es\/wp-content\/uploads\/2016\/10\/Sala-de-joc.jpg\" alt=\"Sala de joc\" width=\"1366\" height=\"772\" srcset=\"https:\/\/www.tantrix.com.es\/wp-content\/uploads\/2016\/10\/Sala-de-joc.jpg 1366w, https:\/\/www.tantrix.com.es\/wp-content\/uploads\/2016\/10\/Sala-de-joc-300x170.jpg 300w, https:\/\/www.tantrix.com.es\/wp-content\/uploads\/2016\/10\/Sala-de-joc-768x434.jpg 768w, https:\/\/www.tantrix.com.es\/wp-content\/uploads\/2016\/10\/Sala-de-joc-1024x579.jpg 1024w, https:\/\/www.tantrix.com.es\/wp-content\/uploads\/2016\/10\/Sala-de-joc-510x288.jpg 510w, https:\/\/www.tantrix.com.es\/wp-content\/uploads\/2016\/10\/Sala-de-joc-1080x610.jpg 1080w\" sizes=\"(max-width: 1366px) 100vw, 1366px\" \/><\/p>\n<h3>Restriccions<\/h3>\n<p>Hi ha tres moviments prohibits que normalment no estan permesos. Si be, quan ja no queden mes fitxes a la bossa, les restriccions deixen d&#8217;aplicar-se.<\/p>\n<h4>No esta perm\u00e8s:<\/h4>\n<p>1- Emplenar un espai for\u00e7at en el que hi coincideixin tres l\u00ednies del mateix color. No hi ha cap fitxa que pugui emplenar aquest espai. Si al emplenar un espai for\u00e7at es crea un altre espai en el que hi entren tres l\u00ednies del mateix color, aquest espai no ha s&#8217;emplenar\u00e0.<\/p>\n<p><img loading=\"lazy\" class=\"alignnone size-full wp-image-357\" src=\"https:\/\/www.tantrix.com.es\/wp-content\/uploads\/2016\/10\/como_jugar_3.gif\" alt=\"como_jugar_3\" width=\"98\" height=\"82\" \/><\/p>\n<p>2- \u00a0Rodejar un espai for\u00e7at amb una quarta fitxa. Aix\u00f2 portaria inevitablement a bloquejar el joc, ja que quants m\u00e9s costats te un espai for\u00e7at, mes dif\u00edcil es d&#8217;emplenar.<\/p>\n<p><img loading=\"lazy\" class=\"alignnone size-full wp-image-358\" src=\"https:\/\/www.tantrix.com.es\/wp-content\/uploads\/2016\/10\/como_jugar_4.gif\" alt=\"como_jugar_4\" width=\"126\" height=\"81\" \/><\/p>\n<p>3- Col\u00b7locar una fitxa en una cara controlada. L&#8217;Espai for\u00e7at A ha de ser emplenat abans de poder jugar la fitxa a B. Les dues cares al llarg d&#8217;un espai for\u00e7at s&#8217;anomenen cares controlades, i es mostren en el tauler de joc amb espais ombrejats.<\/p>\n<p><img loading=\"lazy\" class=\"alignnone size-full wp-image-359\" src=\"https:\/\/www.tantrix.com.es\/wp-content\/uploads\/2016\/10\/como_jugar_5.gif\" alt=\"como_jugar_5\" width=\"197\" height=\"85\" \/><\/p>\n<h3><strong>El guanyador<\/strong><\/h3>\n<p>El joc acaba quan s&#8217;han jugat totes les fitxes. Cada jugador aconsegueix un punt per fitxa a la seva l\u00ednia mes llarga, o dos punts per fitxa al seu circuit mes gran. Tant sols compta la millor puntuaci\u00f3 de cada jugador, i el guanyador de la partida es qui te la puntuaci\u00f3 mes alta.<\/p>\n<h4><strong>Un exemple:<\/strong><\/h4>\n<p>En aquest joc (veure dibuix), el jugador verd i el blau, en aquest moment estan empatats. El verd te una l\u00ednia de vuit fitxes, mentre que el blau te un circuit de quatre fitxes, i en ambd\u00f3s casos la puntuaci\u00f3 es de vuit.<\/p>\n<p><img loading=\"lazy\" class=\"alignnone size-full wp-image-360\" src=\"https:\/\/www.tantrix.com.es\/wp-content\/uploads\/2016\/10\/como_jugar_6.gif\" alt=\"como_jugar_6\" width=\"202\" height=\"157\" \/><\/p>\n<p>No obstant aix\u00f2, el jugador verd \u00e9s en una situaci\u00f3 molt millor per guanyar aquesta partida, ja que una l\u00ednia no bloquejada pot allargar-se, mentre que el circuit blau s&#8217;ha tancat definitivament. El circuit blau no ser\u00e0 suficient per guanyar el joc. La puntuaci\u00f3 mitjana per a guanyar son 23 punts. El jugador blau hauria de comen\u00e7ar una nova l\u00ednia, posant atenci\u00f3 a la l\u00ednia verda, que amena\u00e7a amb tancar-se per a convertir-se en un circuit. Amb una fitxa m\u00e9s, el jugador verd podria tancar un circuit de 11 fitxes, i la seva puntuaci\u00f3 seria de 22, possiblement suficient per a guanyar la partida.<\/p>\n<p>Per a guanyar necessitar\u00e0s una combinaci\u00f3 d&#8217;an\u00e0lisi detallat de cada jugada i t\u00e0ctica d&#8217;estrat\u00e8gia. Tamb\u00e9 influeix una mica la sort, ja que les fitxes van sortint de la bossa a l&#8217;atzar. Aquesta combinaci\u00f3 de sort i habilitat fan que el Tantrix sigui apassionant tant per a jugadors experts com principiants.<\/p>\n<p><strong>Gaudeix del joc!<\/strong><\/p>\n<p>[\/et_pb_text][et_pb_button admin_label=&#8221;Bot\u00f3n&#8221; button_url=&#8221;https:\/\/www.tantrix.com.es\/el-juego\/jugar-online\/&#8221; url_new_window=&#8221;off&#8221; button_text=&#8221;JUGAR&#8221; button_alignment=&#8221;left&#8221; background_layout=&#8221;dark&#8221; custom_button=&#8221;on&#8221; button_border_width=&#8221;0&#8243; button_border_radius=&#8221;0&#8243; button_letter_spacing=&#8221;0&#8243; button_use_icon=&#8221;default&#8221; button_icon_placement=&#8221;right&#8221; button_on_hover=&#8221;on&#8221; button_border_radius_hover=&#8221;0&#8243; button_letter_spacing_hover=&#8221;0&#8243; button_text_size=&#8221;28&#8243; button_text_color=&#8221;#ffffff&#8221; button_bg_color=&#8221;#ff0000&#8243;] [\/et_pb_button][\/et_pb_column][\/et_pb_row][\/et_pb_section]<\/p>\n","protected":false},"excerpt":{"rendered":"<p>[et_pb_section admin_label=&#8221;section&#8221;][et_pb_row admin_label=&#8221;row&#8221;][et_pb_column type=&#8221;4_4&#8243;][et_pb_text admin_label=&#8221;Texto&#8221; background_layout=&#8221;light&#8221; text_orientation=&#8221;left&#8221; use_border_color=&#8221;off&#8221; border_color=&#8221;#ffffff&#8221; border_style=&#8221;solid&#8221;] Com jugar on-line [\/et_pb_text][et_pb_text admin_label=&#8221;Texto&#8221; background_layout=&#8221;light&#8221; text_orientation=&#8221;left&#8221; use_border_color=&#8221;off&#8221; border_color=&#8221;#ffffff&#8221; border_style=&#8221;solid&#8221;] Abans de comen\u00e7ar a jugar et recomanem llegir aquestes breus instruccions. Per jugar has de tenir instal\u00b7lat JAVA al teu ordinador. Pots descarregar-lo al seg\u00fcent enlla\u00e7:\u00a0www.java.com Primer: La sala de joc Tantrix i com utilitzar-la [&hellip;]<\/p>\n","protected":false},"author":1,"featured_media":0,"parent":858,"menu_order":0,"comment_status":"closed","ping_status":"closed","template":"","meta":{"_et_pb_use_builder":"on","_et_pb_old_content":"","_et_gb_content_width":""},"_links":{"self":[{"href":"https:\/\/www.tantrix.com.es\/ca\/wp-json\/wp\/v2\/pages\/862"}],"collection":[{"href":"https:\/\/www.tantrix.com.es\/ca\/wp-json\/wp\/v2\/pages"}],"about":[{"href":"https:\/\/www.tantrix.com.es\/ca\/wp-json\/wp\/v2\/types\/page"}],"author":[{"embeddable":true,"href":"https:\/\/www.tantrix.com.es\/ca\/wp-json\/wp\/v2\/users\/1"}],"replies":[{"embeddable":true,"href":"https:\/\/www.tantrix.com.es\/ca\/wp-json\/wp\/v2\/comments?post=862"}],"version-history":[{"count":4,"href":"https:\/\/www.tantrix.com.es\/ca\/wp-json\/wp\/v2\/pages\/862\/revisions"}],"predecessor-version":[{"id":1201,"href":"https:\/\/www.tantrix.com.es\/ca\/wp-json\/wp\/v2\/pages\/862\/revisions\/1201"}],"up":[{"embeddable":true,"href":"https:\/\/www.tantrix.com.es\/ca\/wp-json\/wp\/v2\/pages\/858"}],"wp:attachment":[{"href":"https:\/\/www.tantrix.com.es\/ca\/wp-json\/wp\/v2\/media?parent=862"}],"curies":[{"name":"wp","href":"https:\/\/api.w.org\/{rel}","templated":true}]}}