{"id":854,"date":"2017-03-13T17:39:17","date_gmt":"2017-03-13T16:39:17","guid":{"rendered":"https:\/\/www.tantrix.com.es\/?page_id=854\/"},"modified":"2017-03-15T20:31:06","modified_gmt":"2017-03-15T19:31:06","slug":"tantrix-cat","status":"publish","type":"page","link":"https:\/\/www.tantrix.com.es\/ca\/tantrix-cat\/","title":{"rendered":"Tantrix"},"content":{"rendered":"<p>[et_pb_section admin_label=&#8221;section&#8221;][et_pb_row admin_label=&#8221;Fila&#8221; make_fullwidth=&#8221;off&#8221; use_custom_width=&#8221;off&#8221; width_unit=&#8221;on&#8221; use_custom_gutter=&#8221;off&#8221; custom_padding=&#8221;0px||20px|&#8221; padding_mobile=&#8221;off&#8221; custom_margin=&#8221;0px||0px|&#8221; allow_player_pause=&#8221;off&#8221; parallax=&#8221;off&#8221; parallax_method=&#8221;off&#8221; make_equal=&#8221;off&#8221; parallax_1=&#8221;off&#8221; parallax_method_1=&#8221;off&#8221; column_padding_mobile=&#8221;on&#8221;][et_pb_column type=&#8221;4_4&#8243;][et_pb_text admin_label=&#8221;Texto&#8221; background_layout=&#8221;light&#8221; text_orientation=&#8221;left&#8221; use_border_color=&#8221;off&#8221; border_color=&#8221;#ffffff&#8221; border_style=&#8221;solid&#8221; custom_margin=&#8221;0px||0px|&#8221; custom_padding=&#8221;0px||0px|&#8221;]<\/p>\n<h1>Tantrix<\/h1>\n<p>[\/et_pb_text][\/et_pb_column][\/et_pb_row][et_pb_row admin_label=&#8221;row&#8221; make_fullwidth=&#8221;off&#8221; use_custom_width=&#8221;off&#8221; width_unit=&#8221;on&#8221; use_custom_gutter=&#8221;off&#8221; custom_padding=&#8221;0px|||&#8221; padding_mobile=&#8221;off&#8221; custom_margin=&#8221;0px|||&#8221; allow_player_pause=&#8221;off&#8221; parallax=&#8221;off&#8221; parallax_method=&#8221;off&#8221; make_equal=&#8221;off&#8221; parallax_1=&#8221;off&#8221; parallax_method_1=&#8221;off&#8221; parallax_2=&#8221;off&#8221; parallax_method_2=&#8221;off&#8221; column_padding_mobile=&#8221;on&#8221;][et_pb_column type=&#8221;4_4&#8243;][et_pb_text admin_label=&#8221;Texto&#8221; background_layout=&#8221;light&#8221; text_orientation=&#8221;left&#8221; use_border_color=&#8221;off&#8221; border_color=&#8221;#ffffff&#8221; border_style=&#8221;solid&#8221; custom_margin=&#8221;0px||0px|&#8221; custom_padding=&#8221;0px||0px|&#8221;]<\/p>\n<h2>El joc d\u2019estrat\u00e8gia m\u00e9s recargolat del m\u00f3n!<\/h2>\n<p><img loading=\"lazy\" class=\"alignnone size-full wp-image-765\" src=\"https:\/\/www.tantrix.com.es\/wp-content\/uploads\/2016\/10\/tantrix_1.jpg\" alt=\"tantrix_1\" width=\"1280\" height=\"744\" \/><\/p>\n<p><strong>Tantrix<\/strong> es un joc procedent de Nova Zelanda, que s\u2019ha popularitzat r\u00e0pidament a tot el m\u00f3n gr\u00e0cies a les propietats l\u00fadiques i educatives que aporta. Com a reconeixement d\u2019aix\u00f2, ha estat premiat en m\u00faltiples ocasions a diferents pa\u00efsos del mon.<\/p>\n<p>Una de les principals caracter\u00edstiques de <strong>Tantrix<\/strong>, es que permet jugar a persones de totes les edats, podent adaptar el tipus de joc a les caracter\u00edstiques o nivell de cada jugador. La barreja de sort i habilitat fan que <strong>Tantrix<\/strong> es pugui gaudir de diferents formes, ja sigui com a divertit joc familiar o com a seri\u00f3s i addictiu joc d\u2019estrat\u00e8gia. Les seves m\u00faltiples variants de joc tamb\u00e9 permeten que puguin jugar-hi des d\u2019un fins a sis jugadors.<\/p>\n<p>&nbsp;<\/p>\n<p>[\/et_pb_text][\/et_pb_column][\/et_pb_row][\/et_pb_section]<\/p>\n","protected":false},"excerpt":{"rendered":"<p>[et_pb_section admin_label=&#8221;section&#8221;][et_pb_row admin_label=&#8221;Fila&#8221; make_fullwidth=&#8221;off&#8221; use_custom_width=&#8221;off&#8221; width_unit=&#8221;on&#8221; use_custom_gutter=&#8221;off&#8221; custom_padding=&#8221;0px||20px|&#8221; padding_mobile=&#8221;off&#8221; custom_margin=&#8221;0px||0px|&#8221; allow_player_pause=&#8221;off&#8221; parallax=&#8221;off&#8221; parallax_method=&#8221;off&#8221; make_equal=&#8221;off&#8221; parallax_1=&#8221;off&#8221; parallax_method_1=&#8221;off&#8221; column_padding_mobile=&#8221;on&#8221;][et_pb_column type=&#8221;4_4&#8243;][et_pb_text admin_label=&#8221;Texto&#8221; background_layout=&#8221;light&#8221; text_orientation=&#8221;left&#8221; use_border_color=&#8221;off&#8221; border_color=&#8221;#ffffff&#8221; border_style=&#8221;solid&#8221; custom_margin=&#8221;0px||0px|&#8221; custom_padding=&#8221;0px||0px|&#8221;] Tantrix [\/et_pb_text][\/et_pb_column][\/et_pb_row][et_pb_row admin_label=&#8221;row&#8221; make_fullwidth=&#8221;off&#8221; use_custom_width=&#8221;off&#8221; width_unit=&#8221;on&#8221; use_custom_gutter=&#8221;off&#8221; custom_padding=&#8221;0px|||&#8221; padding_mobile=&#8221;off&#8221; custom_margin=&#8221;0px|||&#8221; allow_player_pause=&#8221;off&#8221; parallax=&#8221;off&#8221; parallax_method=&#8221;off&#8221; make_equal=&#8221;off&#8221; parallax_1=&#8221;off&#8221; parallax_method_1=&#8221;off&#8221; parallax_2=&#8221;off&#8221; parallax_method_2=&#8221;off&#8221; column_padding_mobile=&#8221;on&#8221;][et_pb_column type=&#8221;4_4&#8243;][et_pb_text admin_label=&#8221;Texto&#8221; background_layout=&#8221;light&#8221; text_orientation=&#8221;left&#8221; use_border_color=&#8221;off&#8221; border_color=&#8221;#ffffff&#8221; border_style=&#8221;solid&#8221; custom_margin=&#8221;0px||0px|&#8221; custom_padding=&#8221;0px||0px|&#8221;] El [&hellip;]<\/p>\n","protected":false},"author":1,"featured_media":0,"parent":0,"menu_order":0,"comment_status":"closed","ping_status":"closed","template":"","meta":{"_et_pb_use_builder":"on","_et_pb_old_content":"<h2>\u00a0<\/h2>","_et_gb_content_width":""},"_links":{"self":[{"href":"https:\/\/www.tantrix.com.es\/ca\/wp-json\/wp\/v2\/pages\/854"}],"collection":[{"href":"https:\/\/www.tantrix.com.es\/ca\/wp-json\/wp\/v2\/pages"}],"about":[{"href":"https:\/\/www.tantrix.com.es\/ca\/wp-json\/wp\/v2\/types\/page"}],"author":[{"embeddable":true,"href":"https:\/\/www.tantrix.com.es\/ca\/wp-json\/wp\/v2\/users\/1"}],"replies":[{"embeddable":true,"href":"https:\/\/www.tantrix.com.es\/ca\/wp-json\/wp\/v2\/comments?post=854"}],"version-history":[{"count":2,"href":"https:\/\/www.tantrix.com.es\/ca\/wp-json\/wp\/v2\/pages\/854\/revisions"}],"predecessor-version":[{"id":857,"href":"https:\/\/www.tantrix.com.es\/ca\/wp-json\/wp\/v2\/pages\/854\/revisions\/857"}],"wp:attachment":[{"href":"https:\/\/www.tantrix.com.es\/ca\/wp-json\/wp\/v2\/media?parent=854"}],"curies":[{"name":"wp","href":"https:\/\/api.w.org\/{rel}","templated":true}]}}