{"id":802,"date":"2017-03-07T16:54:06","date_gmt":"2017-03-07T15:54:06","guid":{"rendered":"https:\/\/www.tantrix.com.es\/tienda\/"},"modified":"2022-11-03T18:09:49","modified_gmt":"2022-11-03T17:09:49","slug":"comprar-on-line-cat","status":"publish","type":"page","link":"https:\/\/www.tantrix.com.es\/ca\/on-trobar-lo\/comprar-on-line-cat\/","title":{"rendered":"Comprar on-line"},"content":{"rendered":"<p>[et_pb_section fb_built=&#8221;1&#8243; admin_label=&#8221;section&#8221; _builder_version=&#8221;3.22&#8243;][et_pb_row admin_label=&#8221;row&#8221; _builder_version=&#8221;3.25&#8243; background_size=&#8221;initial&#8221; background_position=&#8221;top_left&#8221; background_repeat=&#8221;repeat&#8221;][et_pb_column type=&#8221;4_4&#8243; _builder_version=&#8221;3.25&#8243; custom_padding=&#8221;|||&#8221; custom_padding__hover=&#8221;|||&#8221;][et_pb_text _builder_version=&#8221;4.7.7&#8243; _module_preset=&#8221;default&#8221;]<\/p>\n<h1>Punts de venda en l\u00ednia en la Pen\u00ednsula Ib\u00e8rica<\/h1>\n<p>[\/et_pb_text][\/et_pb_column][\/et_pb_row][\/et_pb_section][et_pb_section fb_built=&#8221;1&#8243; _builder_version=&#8221;4.7.7&#8243; _module_preset=&#8221;default&#8221;][et_pb_row column_structure=&#8221;1_3,1_3,1_3&#8243; admin_label=&#8221;Fila&#8221; _builder_version=&#8221;4.7.7&#8243; _module_preset=&#8221;default&#8221; locked=&#8221;off&#8221;][et_pb_column type=&#8221;1_3&#8243; _builder_version=&#8221;4.7.7&#8243; _module_preset=&#8221;default&#8221;][et_pb_text admin_label=&#8221;Texto&#8221; _builder_version=&#8221;4.7.7&#8243; _module_preset=&#8221;default&#8221; text_text_color=&#8221;#0c71c3&#8243; background_color=&#8221;#d2e4f9&#8243; custom_margin=&#8221;||||false|false&#8221; custom_padding=&#8221;20px|20px|20px|20px|false|false&#8221;]<\/p>\n<p><span style=\"font-size: 14px;\"><b>Abacus Coop.<\/b><\/span><\/p>\n<p><span style=\"font-size: 14px;\">Tel. <span>93 515 31 09<\/span><br \/><\/span> <a href=\"https:\/\/www.abacus.coop\/es\/busqueda?categoryName=&amp;q=tantrix&amp;lang=es\" target=\"_blank\" rel=\"noopener noreferrer\" title=\"Ludo Kubo\">www.abacus.coop<\/a><\/p>\n<p>[\/et_pb_text][et_pb_text admin_label=&#8221;Texto&#8221; _builder_version=&#8221;4.7.7&#8243; _module_preset=&#8221;default&#8221; text_text_color=&#8221;#0c71c3&#8243; background_color=&#8221;#d2e4f9&#8243; custom_margin=&#8221;||||false|false&#8221; custom_padding=&#8221;20px|20px|20px|20px|false|false&#8221;]<\/p>\n<p><b>Enredos<\/b><\/p>\n<p>La Coru\u00f1a<br \/>Tel.\u00a0881 088 092<br \/><span style=\"font-size: 14px;\"><\/span><a href=\"https:\/\/jugueteriaenredos.com\/tienda\/busqueda?controller=search&amp;s=tantrix\" style=\"font-size: 14px;\">www.jugueteriaenredos.com<\/a><\/p>\n<p>[\/et_pb_text][et_pb_text admin_label=&#8221;Texto&#8221; _builder_version=&#8221;4.7.7&#8243; _module_preset=&#8221;default&#8221; text_text_color=&#8221;#0c71c3&#8243; background_color=&#8221;#d2e4f9&#8243; custom_margin=&#8221;||||false|false&#8221; custom_padding=&#8221;20px|20px|20px|20px|false|false&#8221;]<\/p>\n<p><strong><span class=\"nom_establiment\">Ludo Kubo<\/span><\/strong><\/p>\n<p>M\u00e1laga<br \/>Tel. 625 070 087<br \/> <a href=\"http:\/\/www.ludokubo.com\" target=\"_blank\" rel=\"noopener noreferrer\" title=\"Ludo Kubo\">www.ludokubo.com<\/a><\/p>\n<p>[\/et_pb_text][et_pb_text admin_label=&#8221;Texto&#8221; _builder_version=&#8221;4.7.7&#8243; _module_preset=&#8221;default&#8221; text_text_color=&#8221;#0c71c3&#8243; background_color=&#8221;#d2e4f9&#8243; custom_margin=&#8221;||||false|false&#8221; custom_padding=&#8221;20px|20px|20px|20px|false|false&#8221;]<\/p>\n<p><strong><span class=\"nom_establiment\">Jugar x Jugar<\/span><\/strong><\/p>\n<p>Barcelona<br \/>Tel. <span>93 436 64 47<\/span><br \/> <a href=\"https:\/\/www.jugarxjugar.com\/shop\/busqueda?controller=search&amp;s=tantrix\" target=\"_blank\" rel=\"noopener noreferrer\" title=\"Ludo Kubo\">www.jugarxjugar.com<\/a><\/p>\n<p>[\/et_pb_text][et_pb_text admin_label=&#8221;Texto&#8221; _builder_version=&#8221;4.7.7&#8243; _module_preset=&#8221;default&#8221; text_text_color=&#8221;#0c71c3&#8243; background_color=&#8221;#d2e4f9&#8243; custom_margin=&#8221;||||false|false&#8221; custom_padding=&#8221;20px|20px|20px|20px|false|false&#8221;]<\/p>\n<p><b>Recunchos Did\u00e1cticos<\/b><\/p>\n<p>La Coru\u00f1a<br \/>Tel.\u00a0881 12 05 70<br \/><a href=\"https:\/\/www.recunchosdidacticos.com\/\">www.recunchosdidacticos.com<\/a><\/p>\n<p>[\/et_pb_text][et_pb_text admin_label=&#8221;Texto&#8221; _builder_version=&#8221;4.7.7&#8243; _module_preset=&#8221;default&#8221; text_text_color=&#8221;#0c71c3&#8243; background_color=&#8221;#d2e4f9&#8243; custom_margin=&#8221;||||false|false&#8221; custom_padding=&#8221;20px|20px|20px|20px|false|false&#8221;]<\/p>\n<p><b>Va de Jocs<\/b><\/p>\n<p>Barcelona<br \/>Tel. <span>679 40 00 05<\/span><br \/> <a href=\"https:\/\/vadejocs.es\/\">www.vadejocs.es<\/a><\/p>\n<p>[\/et_pb_text][\/et_pb_column][et_pb_column type=&#8221;1_3&#8243; _builder_version=&#8221;4.7.7&#8243; _module_preset=&#8221;default&#8221;][et_pb_text admin_label=&#8221;Texto&#8221; _builder_version=&#8221;4.7.7&#8243; _module_preset=&#8221;default&#8221; text_text_color=&#8221;#0c71c3&#8243; background_color=&#8221;#d2e4f9&#8243; custom_margin=&#8221;||||false|false&#8221; custom_padding=&#8221;20px|20px|20px|20px|false|false&#8221;]<\/p>\n<p><span style=\"font-size: 14px;\"><b>Aprendiendo Matem\u00e1ticas<\/b><\/span><\/p>\n<p><span style=\"font-size: 14px;\">Valencia<br \/>Tel. \u00a0601 194 609<br \/><\/span> <a title=\"Ludo Kubo\" href=\"https:\/\/aprendiendomatematicas.com\/tienda\/buscar?controller=search&amp;orderby=position&amp;orderway=desc&amp;search_query=tantrix&amp;submit_search=\" target=\"_blank\" rel=\"noopener noreferrer\">www.aprendiendomatematicas.com<\/a><\/p>\n<p>[\/et_pb_text][et_pb_text admin_label=&#8221;Texto&#8221; _builder_version=&#8221;4.7.7&#8243; _module_preset=&#8221;default&#8221; text_text_color=&#8221;#0c71c3&#8243; background_color=&#8221;#d2e4f9&#8243; custom_margin=&#8221;||||false|false&#8221; custom_padding=&#8221;20px|20px|20px|20px|false|false&#8221;]<\/p>\n<p><span style=\"font-size: 14px;\"><b>Guinelandia<\/b><\/span><\/p>\n<p><span style=\"font-size: 14px;\">Vitoria &#8211; Gasteiz<br \/><\/span><a href=\"https:\/\/www.guinealandia.es\/module\/iqitsearch\/searchiqit?s=tantrix\" target=\"_blank\" rel=\"noopener noreferrer\" title=\"Ludo Kubo\">www.guinealandia.es<\/a><\/p>\n<p>[\/et_pb_text][et_pb_text admin_label=&#8221;Texto&#8221; _builder_version=&#8221;4.7.7&#8243; _module_preset=&#8221;default&#8221; text_text_color=&#8221;#0c71c3&#8243; background_color=&#8221;#d2e4f9&#8243; custom_margin=&#8221;||||false|false&#8221; custom_padding=&#8221;20px|20px|20px|20px|false|false&#8221;]<\/p>\n<p><strong><span class=\"nom_establiment\">Kaburi<\/span><\/strong><\/p>\n<p>Barcelona<br \/>Tel.\u00a093 245 95 08<br \/><span style=\"font-size: 14px;\"><\/span><a href=\"https:\/\/www.kaburi.es\/search-result.aspx?Buscar=tantrix\" target=\"_blank\" rel=\"noopener noreferrer\" title=\"Ludo Kubo\" style=\"font-size: 14px;\">www.kaburi.es<\/a><\/p>\n<p>[\/et_pb_text][et_pb_text admin_label=&#8221;Texto&#8221; _builder_version=&#8221;4.7.7&#8243; _module_preset=&#8221;default&#8221; text_text_color=&#8221;#0c71c3&#8243; background_color=&#8221;#d2e4f9&#8243; custom_margin=&#8221;||||false|false&#8221; custom_padding=&#8221;20px|20px|20px|20px|false|false&#8221;]<\/p>\n<p><span style=\"font-size: 14px;\"><b>MOM Kidstore<\/b><\/span><\/p>\n<p><span style=\"font-size: 14px;\">Menorca<br \/><\/span><span style=\"font-size: 14px;\">Tel.\u00a093 245 95 08<br \/><\/span><span style=\"font-size: 14px;\"><\/span><a href=\"https:\/\/www.momkidstore.com\/buscar?controller=search&amp;orderby=position&amp;orderway=desc&amp;search_query=tantrix\" target=\"_blank\" rel=\"noopener noreferrer\" title=\"Ludo Kubo\" style=\"font-size: 14px;\">www.momkidstore.com<\/a><\/p>\n<p>[\/et_pb_text][et_pb_text admin_label=&#8221;Texto&#8221; _builder_version=&#8221;4.7.7&#8243; _module_preset=&#8221;default&#8221; text_text_color=&#8221;#0c71c3&#8243; background_color=&#8221;#d2e4f9&#8243; custom_margin=&#8221;||||false|false&#8221; custom_padding=&#8221;20px|20px|20px|20px|false|false&#8221;]<\/p>\n<p><span style=\"font-size: 14px;\"><b>Santos Ochoa Librer\u00eda<\/b><\/span><\/p>\n<p><span style=\"font-size: 14px;\">Logro\u00f1o<br \/>Tel. 607 25 29 55<br \/><\/span><a href=\"https:\/\/www.santosochoa.es\/buscar\/form?data=tantrix&amp;_token=xkfspAxLiJtXCfg19xulACpm5TobJ52OlIAlfZhq\" target=\"_blank\" rel=\"noopener noreferrer\" title=\"Ludo Kubo\" style=\"font-size: 14px;\">www.santosochoa.es<\/a><\/p>\n<p>[\/et_pb_text][et_pb_text admin_label=&#8221;Texto&#8221; _builder_version=&#8221;4.7.7&#8243; _module_preset=&#8221;default&#8221; text_text_color=&#8221;#0c71c3&#8243; background_color=&#8221;#d2e4f9&#8243; custom_margin=&#8221;||||false|false&#8221; custom_padding=&#8221;20px|20px|20px|20px|false|false&#8221;]<\/p>\n<p><b>Zeppelin (un mon de jocs)<\/b><\/p>\n<p>Girona<br \/>Tel. 972 208 265<br \/> <a href=\"https:\/\/zeppelindreams.com\/es\/\">www.zeppelindreams.com<\/a><\/p>\n<p>[\/et_pb_text][\/et_pb_column][et_pb_column type=&#8221;1_3&#8243; _builder_version=&#8221;4.7.7&#8243; _module_preset=&#8221;default&#8221;][et_pb_text admin_label=&#8221;Texto&#8221; _builder_version=&#8221;4.7.7&#8243; _module_preset=&#8221;default&#8221; text_text_color=&#8221;#0c71c3&#8243; background_color=&#8221;#d2e4f9&#8243; custom_margin=&#8221;||||false|false&#8221; custom_padding=&#8221;20px|20px|20px|20px|false|false&#8221;]<\/p>\n<p><span style=\"font-size: 14px;\"><b>Artijoc<\/b><\/span><\/p>\n<p><span style=\"font-size: 14px;\">Barcelona<br \/>Tel. 635 44 11 75<br \/><\/span> <a title=\"Ludo Kubo\" href=\"https:\/\/artijoc.com\/es\/?s=tantrix&amp;post_type=product&amp;type_aws=true&amp;lang=es\" target=\"_blank\" rel=\"noopener noreferrer\">www.artijoc.om<\/a><\/p>\n<p>[\/et_pb_text][et_pb_text admin_label=&#8221;Texto&#8221; _builder_version=&#8221;4.7.7&#8243; _module_preset=&#8221;default&#8221; text_text_color=&#8221;#0c71c3&#8243; background_color=&#8221;#d2e4f9&#8243; custom_margin=&#8221;||||false|false&#8221; custom_padding=&#8221;20px|20px|20px|20px|false|false&#8221;]<\/p>\n<p><b>Jugando con Casiopea<\/b><\/p>\n<p>Badajoz<br \/>Tel. 661 720 177<br \/> <a href=\"juegaconcasiopea.com\/\">www.juegaconcasiopea.com<\/a><\/p>\n<p>[\/et_pb_text][et_pb_text admin_label=&#8221;Texto&#8221; _builder_version=&#8221;4.7.7&#8243; _module_preset=&#8221;default&#8221; text_text_color=&#8221;#0c71c3&#8243; background_color=&#8221;#d2e4f9&#8243; custom_margin=&#8221;||||false|false&#8221; custom_padding=&#8221;20px|20px|20px|20px|false|false&#8221;]<\/p>\n<p><b>Kinuma.com<\/b><\/p>\n<p>Barcelona<br \/>Tel. 661 61 61 40<br \/> <a href=\"https:\/\/kinuma.com\/es\/96_tantrix\" target=\"_blank\" rel=\"noopener noreferrer\" title=\"Ludo Kubo\">www.kinuma.com<\/a><\/p>\n<p>[\/et_pb_text][et_pb_text admin_label=&#8221;Texto&#8221; _builder_version=&#8221;4.7.7&#8243; _module_preset=&#8221;default&#8221; text_text_color=&#8221;#0c71c3&#8243; background_color=&#8221;#d2e4f9&#8243; custom_margin=&#8221;||||false|false&#8221; custom_padding=&#8221;20px|20px|20px|20px|false|false&#8221;]<\/p>\n<p><b>Mi Juego Bonito<\/b><\/p>\n<p>Madrid<br \/><a href=\"https:\/\/www.mijuegobonito.com\/search?q=tantrix&amp;options%5Bprefix%5D=last\">www.mijuegobonito.com<\/a><\/p>\n<p>[\/et_pb_text][et_pb_text admin_label=&#8221;Texto&#8221; _builder_version=&#8221;4.7.7&#8243; _module_preset=&#8221;default&#8221; text_text_color=&#8221;#0c71c3&#8243; background_color=&#8221;#d2e4f9&#8243; custom_margin=&#8221;||||false|false&#8221; custom_padding=&#8221;20px|20px|20px|20px|false|false&#8221;]<\/p>\n<p><b>Universo Azul<\/b><\/p>\n<p>Madrid<br \/>Tel. 687 69 63 34<br \/> <a href=\"https:\/\/universoazul.es\/buscar?controller=search&amp;orderby=position&amp;orderway=desc&amp;search_query=tantrix&amp;submit_search=\">www.universoazul.es<\/a><\/p>\n<p>[\/et_pb_text][\/et_pb_column][\/et_pb_row][\/et_pb_section]<\/p>\n","protected":false},"excerpt":{"rendered":"<p>[et_pb_section fb_built=&#8221;1&#8243; admin_label=&#8221;section&#8221; _builder_version=&#8221;3.22&#8243;][et_pb_row admin_label=&#8221;row&#8221; _builder_version=&#8221;3.25&#8243; background_size=&#8221;initial&#8221; background_position=&#8221;top_left&#8221; background_repeat=&#8221;repeat&#8221;][et_pb_column type=&#8221;4_4&#8243; _builder_version=&#8221;3.25&#8243; custom_padding=&#8221;|||&#8221; custom_padding__hover=&#8221;|||&#8221;][et_pb_text _builder_version=&#8221;4.7.7&#8243; _module_preset=&#8221;default&#8221;] Punts de venda en l\u00ednia en la Pen\u00ednsula Ib\u00e8rica [\/et_pb_text][\/et_pb_column][\/et_pb_row][\/et_pb_section][et_pb_section fb_built=&#8221;1&#8243; _builder_version=&#8221;4.7.7&#8243; _module_preset=&#8221;default&#8221;][et_pb_row column_structure=&#8221;1_3,1_3,1_3&#8243; admin_label=&#8221;Fila&#8221; _builder_version=&#8221;4.7.7&#8243; _module_preset=&#8221;default&#8221; locked=&#8221;off&#8221;][et_pb_column type=&#8221;1_3&#8243; _builder_version=&#8221;4.7.7&#8243; _module_preset=&#8221;default&#8221;][et_pb_text admin_label=&#8221;Texto&#8221; _builder_version=&#8221;4.7.7&#8243; _module_preset=&#8221;default&#8221; text_text_color=&#8221;#0c71c3&#8243; background_color=&#8221;#d2e4f9&#8243; custom_margin=&#8221;||||false|false&#8221; custom_padding=&#8221;20px|20px|20px|20px|false|false&#8221;] Abacus Coop. Tel. 93 515 31 09 www.abacus.coop [\/et_pb_text][et_pb_text admin_label=&#8221;Texto&#8221; _builder_version=&#8221;4.7.7&#8243; _module_preset=&#8221;default&#8221; [&hellip;]<\/p>\n","protected":false},"author":1,"featured_media":0,"parent":852,"menu_order":0,"comment_status":"closed","ping_status":"closed","template":"","meta":{"_et_pb_use_builder":"on","_et_pb_old_content":"","_et_gb_content_width":""},"_links":{"self":[{"href":"https:\/\/www.tantrix.com.es\/ca\/wp-json\/wp\/v2\/pages\/802"}],"collection":[{"href":"https:\/\/www.tantrix.com.es\/ca\/wp-json\/wp\/v2\/pages"}],"about":[{"href":"https:\/\/www.tantrix.com.es\/ca\/wp-json\/wp\/v2\/types\/page"}],"author":[{"embeddable":true,"href":"https:\/\/www.tantrix.com.es\/ca\/wp-json\/wp\/v2\/users\/1"}],"replies":[{"embeddable":true,"href":"https:\/\/www.tantrix.com.es\/ca\/wp-json\/wp\/v2\/comments?post=802"}],"version-history":[{"count":6,"href":"https:\/\/www.tantrix.com.es\/ca\/wp-json\/wp\/v2\/pages\/802\/revisions"}],"predecessor-version":[{"id":1859,"href":"https:\/\/www.tantrix.com.es\/ca\/wp-json\/wp\/v2\/pages\/802\/revisions\/1859"}],"up":[{"embeddable":true,"href":"https:\/\/www.tantrix.com.es\/ca\/wp-json\/wp\/v2\/pages\/852"}],"wp:attachment":[{"href":"https:\/\/www.tantrix.com.es\/ca\/wp-json\/wp\/v2\/media?parent=802"}],"curies":[{"name":"wp","href":"https:\/\/api.w.org\/{rel}","templated":true}]}}